{"id":1065,"date":"2021-08-26T02:31:53","date_gmt":"2021-08-26T02:31:53","guid":{"rendered":"https:\/\/shtheme.org\/demosd\/uricko\/?page_id=72"},"modified":"2026-04-20T19:44:00","modified_gmt":"2026-04-20T19:44:00","slug":"hakkimizda","status":"publish","type":"page","link":"https:\/\/final-ik.com\/portal\/hakkimizda\/","title":{"rendered":"Hakk\u0131m\u0131zda"},"content":{"rendered":"\t\t<div data-elementor-type=\"wp-page\" data-elementor-id=\"1065\" class=\"elementor elementor-1065\">\n\t\t\t\t\t\t<section class=\"elementor-section elementor-top-section elementor-element elementor-element-f51979a elementor-section-full_width elementor-section-height-default elementor-section-height-default\" data-id=\"f51979a\" data-element_type=\"section\" data-e-type=\"section\">\n\t\t\t\t\t\t<div class=\"elementor-container elementor-column-gap-no\">\n\t\t\t\t\t<div class=\"elementor-column elementor-col-100 elementor-top-column elementor-element elementor-element-99fabf6\" data-id=\"99fabf6\" data-element_type=\"column\" data-e-type=\"column\">\n\t\t\t<div class=\"elementor-widget-wrap\">\n\t\t\t\t\t\t\t<\/div>\n\t\t<\/div>\n\t\t\t\t\t<\/div>\n\t\t<\/section>\n\t\t\t\t<section class=\"elementor-section elementor-top-section elementor-element elementor-element-3599be1 elementor-section-full_width elementor-section-height-default elementor-section-height-default\" data-id=\"3599be1\" data-element_type=\"section\" data-e-type=\"section\">\n\t\t\t\t\t\t<div class=\"elementor-container elementor-column-gap-no\">\n\t\t\t\t\t<div class=\"elementor-column elementor-col-100 elementor-top-column elementor-element elementor-element-ce1fe00\" data-id=\"ce1fe00\" data-element_type=\"column\" data-e-type=\"column\">\n\t\t\t<div class=\"elementor-widget-wrap elementor-element-populated\">\n\t\t\t\t\t\t<div class=\"elementor-element elementor-element-313f74b elementor-align-left elementor-widget elementor-widget-bdevs-banner\" data-id=\"313f74b\" data-element_type=\"widget\" data-e-type=\"widget\" data-widget_type=\"bdevs-banner.default\">\n\t\t\t\t<div class=\"elementor-widget-container\">\n\t\t\t\t\t\t\t<section class=\"page-title\" style=\"background-image: url(https:\/\/finalik.com.tr\/wp-content\/uploads\/2025\/05\/insan-kaynaklari-nedir.jpg)\">\r\n\t\t\t\t\t    <div class=\"icon-layer-one\" style=\"background-image: url(https:\/\/final-ik.com\/portal\/wp-content\/themes\/finalik\/images\/icons\/icon-1.png)\"><\/div>\r\n\t\t    <div class=\"icon-layer-two\" style=\"background-image: url(https:\/\/final-ik.com\/portal\/wp-content\/themes\/finalik\/images\/icons\/icon-3.png)\"><\/div>\r\n\t\t    <div class=\"icon-layer-three\" style=\"background-image: url(https:\/\/final-ik.com\/portal\/wp-content\/themes\/finalik\/images\/icons\/icon-2.png)\"><\/div>\r\n\t\t\t\t\t    <div class=\"auto-container\">\r\n\t            <h2>HAKKIMIZDA<\/h2>\r\n\t            \t\t      \t<ul class=\"page-breadcrumb\">\r\n\t\t\t        <li><a href=\"https:\/\/final-ik.com\/portal\/\">F\u0130NAL LOJ\u0130ST\u0130K<\/a><\/li>\r\n\t\t\t        <li>HAKKIMIZDA<\/li>\r\n\t\t      \t<\/ul>\r\n\t\t      \t\t    \t<\/div>\r\n\t  <\/section>\r\n\t\t\t\t\t<\/div>\n\t\t\t\t<\/div>\n\t\t\t\t<div class=\"elementor-element elementor-element-a372bd3 elementor-align-left elementor-widget elementor-widget-bdevs-about\" data-id=\"a372bd3\" data-element_type=\"widget\" data-e-type=\"widget\" data-widget_type=\"bdevs-about.default\">\n\t\t\t\t<div class=\"elementor-widget-container\">\n\t\t\t\t\t\t\t<section class=\"business-section\">\r\n\t\t      <div class=\"auto-container\">\r\n\t\t        <div class=\"row clearfix\">\r\n\t\t        \r\n\t\t          <!-- Image Column -->\r\n\t\t          <div class=\"image-column col-lg-6 col-md-12 col-sm-12\">\r\n\t\t            <div class=\"inner-column\">\r\n\t\t              <div class=\"image\">\r\n\t\t                <img decoding=\"async\" src=\"https:\/\/finalik.com.tr\/wp-content\/uploads\/2025\/05\/2025-04-10.webp\" alt=\"\" \/>\r\n\t\t              <\/div>\r\n\t\t              <div class=\"image-two\">\r\n\t\t                <img decoding=\"async\" src=\"\" alt=\"\" \/>\r\n\t\t              <\/div>\r\n\t\t            <\/div>\r\n\t\t          <\/div>\r\n\t\t          \r\n\t\t          <!-- Content Column -->\r\n\t\t          <div class=\"content-column col-lg-6 col-md-12 col-sm-12\">\r\n\t\t            <div class=\"inner-column\">\r\n\t\t            \t\t\t\t              <h2>HAKKIMIZDA<\/h2>\r\n\t\t\t          \t\t\t\t              <div class=\"text\">\r\n\t\t\t                <p class=\"svelte-121hp7c\" dir=\"auto\"><strong>F\u0130NAL Lojistik Kurumsal \u00c7\u00f6z\u00fcmleri: Stratejik Odaklanma ve Operasyonel M\u00fckemmellik<\/strong><\/p><div class=\"\">\u00a0<\/div><p class=\"svelte-121hp7c\" dir=\"auto\">G\u00fcn\u00fcm\u00fcz i\u015f d\u00fcnyas\u0131nda kurumsal ba\u015far\u0131n\u0131n anahtar\u0131, kaynaklar\u0131n do\u011fru alanlara kanalize edilmesidir. Bu vizyonla hareket eden F\u0130NAL Lojistik, insan kaynaklar\u0131 ve operasyonel s\u00fcre\u00e7lerde sizlerin stratejik i\u015f orta\u011f\u0131 olarak konumlanmaktad\u0131r.<\/p><div class=\"\">\u00a0<\/div><p class=\"svelte-121hp7c\" dir=\"auto\">Operasyonel s\u00fcreklili\u011fin sa\u011flanmas\u0131nda kritik \u00f6neme sahip insan g\u00fcc\u00fc ihtiya\u00e7lar\u0131n\u0131z, \u015firketinizin dinamikleri \u00f6zelinde analiz edilmekte ve h\u0131zl\u0131 bir \u015fekilde \u00e7\u00f6z\u00fcme kavu\u015fturulmaktad\u0131r. \u00c7evresel s\u00fcrd\u00fcr\u00fclebilirlik ve insan odakl\u0131 \u00e7al\u0131\u015fma k\u00fclt\u00fcr\u00fcm\u00fcz, i\u015f birli\u011fi yapt\u0131\u011f\u0131m\u0131z t\u00fcm payda\u015flar\u0131m\u0131za da yans\u0131maktad\u0131r.<\/p><div class=\"\">\u00a0<\/div><p class=\"svelte-121hp7c\" dir=\"auto\">Kurumunuzun ana kompetans alanlar\u0131 d\u0131\u015f\u0131nda kalan personel gereksinimlerinde; g\u00fcncel \u0130\u015f Hukuku ve \u0130\u015f\u00e7i Sa\u011fl\u0131\u011f\u0131 ve G\u00fcvenli\u011fi mevzuatlar\u0131na hakim uzman kadromuz devreye girmektedir. G\u00fcnl\u00fck personel temini ve kapsaml\u0131 bordrolama hizmetlerimiz sayesinde idari y\u00fck\u00fcn\u00fcz tamamen ortadan kalkmakta, personel giderlerinizde optimize edilmi\u015f maliyet yap\u0131lar\u0131 olu\u015fturulmakta ve t\u00fcm operasyonel riskler F\u0130NAL Lojistik\u2019in kurumsal sorumlulu\u011funa devredilmektedir.<\/p>\t\t\t              <\/div>\r\n\t\t\t              \t\t\t              <div class=\"founder\">\r\n\t\t\t                \t\t\t                <span class=\"signature\"><img decoding=\"async\" src=\"\" alt=\"\" \/><\/span>\r\n\t\t\t              <\/div>\r\n\t\t\t          \t  \t\t            <\/div>\r\n\t\t          <\/div>\r\n\t\t          \r\n\t\t        <\/div>\r\n\t\t      <\/div>\r\n\t    <\/section>\r\n\t\t\t\t\t<\/div>\n\t\t\t\t<\/div>\n\t\t\t\t\t<\/div>\n\t\t<\/div>\n\t\t\t\t\t<\/div>\n\t\t<\/section>\n\t\t\t\t<\/div>\n\t\t","protected":false},"excerpt":{"rendered":"<p>HAKKIMIZDA F\u0130NAL LOJ\u0130ST\u0130K HAKKIMIZDA HAKKIMIZDA F\u0130NAL Lojistik Kurumsal \u00c7\u00f6z\u00fcmleri: Stratejik Odaklanma ve Operasyonel M\u00fckemmellik\u00a0G\u00fcn\u00fcm\u00fcz i\u015f d\u00fcnyas\u0131nda kurumsal ba\u015far\u0131n\u0131n anahtar\u0131, kaynaklar\u0131n do\u011fru alanlara kanalize edilmesidir. Bu vizyonla hareket eden F\u0130NAL Lojistik, insan kaynaklar\u0131 ve operasyonel s\u00fcre\u00e7lerde sizlerin stratejik i\u015f orta\u011f\u0131 olarak konumlanmaktad\u0131r.\u00a0Operasyonel s\u00fcreklili\u011fin sa\u011flanmas\u0131nda kritik \u00f6neme sahip insan g\u00fcc\u00fc ihtiya\u00e7lar\u0131n\u0131z, \u015firketinizin dinamikleri \u00f6zelinde analiz edilmekte ve [&hellip;]<\/p>\n","protected":false},"author":1,"featured_media":0,"parent":0,"menu_order":0,"comment_status":"closed","ping_status":"closed","template":"page-templates\/home-1.php","meta":{"om_disable_all_campaigns":false,"inline_featured_image":false,"_monsterinsights_skip_tracking":false,"_monsterinsights_sitenote_active":false,"_monsterinsights_sitenote_note":"","_monsterinsights_sitenote_category":0,"footnotes":""},"class_list":["post-1065","page","type-page","status-publish","hentry"],"aioseo_notices":[],"_links":{"self":[{"href":"https:\/\/final-ik.com\/portal\/wp-json\/wp\/v2\/pages\/1065","targetHints":{"allow":["GET"]}}],"collection":[{"href":"https:\/\/final-ik.com\/portal\/wp-json\/wp\/v2\/pages"}],"about":[{"href":"https:\/\/final-ik.com\/portal\/wp-json\/wp\/v2\/types\/page"}],"author":[{"embeddable":true,"href":"https:\/\/final-ik.com\/portal\/wp-json\/wp\/v2\/users\/1"}],"replies":[{"embeddable":true,"href":"https:\/\/final-ik.com\/portal\/wp-json\/wp\/v2\/comments?post=1065"}],"version-history":[{"count":3,"href":"https:\/\/final-ik.com\/portal\/wp-json\/wp\/v2\/pages\/1065\/revisions"}],"predecessor-version":[{"id":1113,"href":"https:\/\/final-ik.com\/portal\/wp-json\/wp\/v2\/pages\/1065\/revisions\/1113"}],"wp:attachment":[{"href":"https:\/\/final-ik.com\/portal\/wp-json\/wp\/v2\/media?parent=1065"}],"curies":[{"name":"wp","href":"https:\/\/api.w.org\/{rel}","templated":true}]}}