{"id":206,"date":"2025-06-17T18:25:30","date_gmt":"2025-06-17T18:25:30","guid":{"rendered":"https:\/\/final-ik.com\/portal\/?page_id=206"},"modified":"2025-06-17T21:44:22","modified_gmt":"2025-06-17T21:44:22","slug":"sikca-sorulan-sorular-sss","status":"publish","type":"page","link":"https:\/\/final-ik.com\/portal\/sikca-sorulan-sorular-sss\/","title":{"rendered":"S\u0131k\u00e7a Sorulan Sorular (SSS)"},"content":{"rendered":"\n<p>Final Lojistik Ne i\u015f yapar?<\/p>\n\n\n\n<p>Final \u0130K, i\u015fletmelerin personel ihtiya\u00e7lar\u0131n\u0131 kar\u015f\u0131lamak \u00fczere d\u0131\u015f kaynak kullan\u0131m\u0131 (outsourcing) hizmeti sunan bir insan kaynaklar\u0131 firmas\u0131d\u0131r. Nitelikli teknik ve vas\u0131fs\u0131z personel temini, depolama hizmetleri ve esnek i\u015f g\u00fcc\u00fc \u00e7\u00f6z\u00fcmleri gibi alanlarda uzmanla\u015fm\u0131\u015ft\u0131r.<\/p>\n\n\n\n<p>2. Sundu\u011funuz hizmetler nelerdir?<\/p>\n\n\n\n<p>Ba\u015fl\u0131ca hizmetlerimiz \u015funlard\u0131r:<\/p>\n\n\n\n<p>Personel Tedari\u011fi: \u0130htiya\u00e7lar\u0131n\u0131za \u00f6zel, dikkatle se\u00e7ilmi\u015f ve yetkin profesyonelleri sizlere sunuyoruz.<\/p>\n\n\n\n<p>Depolama Hizmetleri: Depo tasar\u0131m\u0131, temizli\u011fi, y\u00fckleme-bo\u015faltma gibi komple depolama hizmetleri sa\u011fl\u0131yoruz.<\/p>\n\n\n\n<p>Esnek \u0130\u015f G\u00fcc\u00fc \u00c7\u00f6z\u00fcmleri: Yo\u011fun d\u00f6nemlerinizde operasyonlar\u0131n\u0131z\u0131n aksamamas\u0131 i\u00e7in esnek personel deste\u011fi sunuyoruz.<\/p>\n\n\n\n<p>D\u0131\u015f Kaynak Kullan\u0131m\u0131 (Outsourcing): \u00d6zellikle kargo ve e-ticaret sekt\u00f6rlerine y\u00f6nelik &#8220;\u00d6nce Kazan, Sonra Kazan&#8221; prensibiyle hizmet kalitesi sunuyoruz.<\/p>\n\n\n\n<p>3. Hangi sekt\u00f6rlere hizmet veriyorsunuz?<\/p>\n\n\n\n<p>\u00d6zellikle kargo ve e-ticaret sekt\u00f6rleri ba\u015fta olmak \u00fczere, personel ihtiyac\u0131 duyan t\u00fcm sekt\u00f6rlere hizmet vermekteyiz. Operasyonel verimlili\u011fi art\u0131rmak isteyen her i\u015fletmeyle uzun vadeli ve g\u00fcvene dayal\u0131 i\u015f ortakl\u0131klar\u0131 kurmay\u0131 hedefliyoruz.<\/p>\n\n\n\n<p>4. Neden Final \u0130K ile \u00e7al\u0131\u015fmal\u0131y\u0131m?<\/p>\n\n\n\n<p>Final \u0130K, i\u015fletmenizin operasyonel verimlili\u011fini ve zaman y\u00f6netimini iyile\u015ftirmeyi hedefler. Alan\u0131nda uzman ekibimizle, ihtiya\u00e7lar\u0131n\u0131za en uygun personeli titizlikle se\u00e7er ve size \u00f6zel \u00e7\u00f6z\u00fcmler sunar\u0131z. Bu sayede siz ana i\u015finize odaklan\u0131rken, biz insan kaynaklar\u0131 s\u00fcre\u00e7lerinizi y\u00f6netiriz.<\/p>\n\n\n\n<p>5. Final \u0130K ile nas\u0131l ileti\u015fime ge\u00e7ebilirim?<\/p>\n\n\n\n<p>Bizimle ileti\u015fime ge\u00e7mek i\u00e7in web sitemizdeki ileti\u015fim formunu doldurabilir, telefon numaralar\u0131m\u0131zdan bize ula\u015fabilir veya e-posta g\u00f6nderebilirsiniz. Size en k\u0131sa s\u00fcrede geri d\u00f6n\u00fc\u015f yapmaktan memnuniyet duyar\u0131z.<\/p>\n\n\n\n<p><\/p>\n","protected":false},"excerpt":{"rendered":"<p>Final Lojistik Ne i\u015f yapar? Final \u0130K, i\u015fletmelerin personel ihtiya\u00e7lar\u0131n\u0131 kar\u015f\u0131lamak \u00fczere d\u0131\u015f kaynak kullan\u0131m\u0131 (outsourcing) hizmeti sunan bir insan kaynaklar\u0131 firmas\u0131d\u0131r. Nitelikli teknik ve vas\u0131fs\u0131z personel temini, depolama hizmetleri ve esnek i\u015f g\u00fcc\u00fc \u00e7\u00f6z\u00fcmleri gibi alanlarda uzmanla\u015fm\u0131\u015ft\u0131r. 2. Sundu\u011funuz hizmetler nelerdir? Ba\u015fl\u0131ca hizmetlerimiz \u015funlard\u0131r: Personel Tedari\u011fi: \u0130htiya\u00e7lar\u0131n\u0131za \u00f6zel, dikkatle se\u00e7ilmi\u015f ve yetkin profesyonelleri sizlere [&hellip;]<\/p>\n","protected":false},"author":1,"featured_media":207,"parent":0,"menu_order":0,"comment_status":"closed","ping_status":"closed","template":"","meta":{"om_disable_all_campaigns":false,"inline_featured_image":false,"_monsterinsights_skip_tracking":false,"_monsterinsights_sitenote_active":false,"_monsterinsights_sitenote_note":"","_monsterinsights_sitenote_category":0,"footnotes":""},"class_list":["post-206","page","type-page","status-publish","has-post-thumbnail","hentry"],"aioseo_notices":[],"_links":{"self":[{"href":"https:\/\/final-ik.com\/portal\/wp-json\/wp\/v2\/pages\/206","targetHints":{"allow":["GET"]}}],"collection":[{"href":"https:\/\/final-ik.com\/portal\/wp-json\/wp\/v2\/pages"}],"about":[{"href":"https:\/\/final-ik.com\/portal\/wp-json\/wp\/v2\/types\/page"}],"author":[{"embeddable":true,"href":"https:\/\/final-ik.com\/portal\/wp-json\/wp\/v2\/users\/1"}],"replies":[{"embeddable":true,"href":"https:\/\/final-ik.com\/portal\/wp-json\/wp\/v2\/comments?post=206"}],"version-history":[{"count":1,"href":"https:\/\/final-ik.com\/portal\/wp-json\/wp\/v2\/pages\/206\/revisions"}],"predecessor-version":[{"id":208,"href":"https:\/\/final-ik.com\/portal\/wp-json\/wp\/v2\/pages\/206\/revisions\/208"}],"wp:featuredmedia":[{"embeddable":true,"href":"https:\/\/final-ik.com\/portal\/wp-json\/wp\/v2\/media\/207"}],"wp:attachment":[{"href":"https:\/\/final-ik.com\/portal\/wp-json\/wp\/v2\/media?parent=206"}],"curies":[{"name":"wp","href":"https:\/\/api.w.org\/{rel}","templated":true}]}}